{"id":833,"date":"2018-05-30T09:17:03","date_gmt":"2018-05-30T09:17:03","guid":{"rendered":"http:\/\/www.tallereljineteazul.com\/?page_id=833"},"modified":"2024-09-14T09:17:13","modified_gmt":"2024-09-14T09:17:13","slug":"venta-de-obras","status":"publish","type":"page","link":"https:\/\/www.tallereljineteazul.com\/?page_id=833","title":{"rendered":"Venta de Obras"},"content":{"rendered":"<h3>Bienvenido(a) a nuestra galer\u00eda de arte y tienda de cuadros.<\/h3>\n<h3>Nos dedicamos a la venta de obra original, en cualquier t\u00e9cnica. Ofrecemos obras modernas, contempor\u00e1neas, retratos, abstractos.<\/h3>\n<p>Para ver obras pincha en el link de la galer\u00eda de arte<\/p>\n<p><a href=\"https:\/\/galeriaeljineteazul.com\/\">www.galeriaeljineteazul.com<\/a><\/p>\n<p>&nbsp;<\/p>\n<p><a href=\"http:\/\/www.tallereljineteazul.com\/wp-content\/uploads\/IMG_7080.jpg\"><img loading=\"lazy\" decoding=\"async\" class=\"alignnone size-full wp-image-912\" src=\"http:\/\/www.tallereljineteazul.com\/wp-content\/uploads\/IMG_7080.jpg\" alt=\"\" width=\"6830\" height=\"1829\" srcset=\"https:\/\/www.tallereljineteazul.com\/wp-content\/uploads\/IMG_7080.jpg 6830w, https:\/\/www.tallereljineteazul.com\/wp-content\/uploads\/IMG_7080-300x80.jpg 300w, https:\/\/www.tallereljineteazul.com\/wp-content\/uploads\/IMG_7080-768x206.jpg 768w, https:\/\/www.tallereljineteazul.com\/wp-content\/uploads\/IMG_7080-1024x274.jpg 1024w\" sizes=\"auto, (max-width: 767px) 89vw, (max-width: 1000px) 54vw, (max-width: 1071px) 543px, 580px\" \/><\/a><\/p>\n<p><a href=\"http:\/\/www.tallereljineteazul.com\/wp-content\/uploads\/granok22.jpg\"><img loading=\"lazy\" decoding=\"async\" class=\"alignnone size-full wp-image-1085\" src=\"http:\/\/www.tallereljineteazul.com\/wp-content\/uploads\/granok22.jpg\" alt=\"\" width=\"768\" height=\"244\" srcset=\"https:\/\/www.tallereljineteazul.com\/wp-content\/uploads\/granok22.jpg 768w, https:\/\/www.tallereljineteazul.com\/wp-content\/uploads\/granok22-300x95.jpg 300w\" sizes=\"auto, (max-width: 767px) 89vw, (max-width: 1000px) 54vw, (max-width: 1071px) 543px, 580px\" \/><\/a><\/p>\n<p><a href=\"http:\/\/www.tallereljineteazul.com\/wp-content\/uploads\/IMG_4647.jpeg\"><img loading=\"lazy\" decoding=\"async\" class=\"alignnone size-full wp-image-1212\" src=\"http:\/\/www.tallereljineteazul.com\/wp-content\/uploads\/IMG_4647.jpeg\" alt=\"\" width=\"2048\" height=\"1536\" srcset=\"https:\/\/www.tallereljineteazul.com\/wp-content\/uploads\/IMG_4647.jpeg 2048w, https:\/\/www.tallereljineteazul.com\/wp-content\/uploads\/IMG_4647-300x225.jpeg 300w, https:\/\/www.tallereljineteazul.com\/wp-content\/uploads\/IMG_4647-768x576.jpeg 768w, https:\/\/www.tallereljineteazul.com\/wp-content\/uploads\/IMG_4647-1024x768.jpeg 1024w\" sizes=\"auto, (max-width: 767px) 89vw, (max-width: 1000px) 54vw, (max-width: 1071px) 543px, 580px\" \/><\/a><\/p>\n<p>&nbsp;<\/p>\n<p><a href=\"http:\/\/www.tallereljineteazul.com\/wp-content\/uploads\/ultim1.jpg\"><img loading=\"lazy\" decoding=\"async\" class=\"alignnone size-full wp-image-1380\" src=\"http:\/\/www.tallereljineteazul.com\/wp-content\/uploads\/ultim1.jpg\" alt=\"\" width=\"1356\" height=\"1352\" srcset=\"https:\/\/www.tallereljineteazul.com\/wp-content\/uploads\/ultim1.jpg 1356w, https:\/\/www.tallereljineteazul.com\/wp-content\/uploads\/ultim1-150x150.jpg 150w, https:\/\/www.tallereljineteazul.com\/wp-content\/uploads\/ultim1-300x300.jpg 300w, https:\/\/www.tallereljineteazul.com\/wp-content\/uploads\/ultim1-768x766.jpg 768w, https:\/\/www.tallereljineteazul.com\/wp-content\/uploads\/ultim1-1024x1021.jpg 1024w, https:\/\/www.tallereljineteazul.com\/wp-content\/uploads\/ultim1-100x100.jpg 100w\" sizes=\"auto, (max-width: 767px) 89vw, (max-width: 1000px) 54vw, (max-width: 1071px) 543px, 580px\" \/><\/a><\/p>\n<hr \/>\n<p><a href=\"https:\/\/galeriaeljineteazul.com\/regalos-de-empresa\/\" target=\"_blank\" rel=\"noopener\">COFRES REGALO ARTE Y VINO<\/a><\/p>\n<p><a href=\"https:\/\/galeriaeljineteazul.com\/regalos-de-empresa\/\" target=\"_blank\" rel=\"noopener\">Para mas informacion pincha aqui<\/a><\/p>\n<p><a href=\"http:\/\/www.tallereljineteazul.com\/wp-content\/uploads\/COFRE_CLIENTE-1-1.jpg\"><img loading=\"lazy\" decoding=\"async\" class=\"alignnone size-full wp-image-1392\" src=\"http:\/\/www.tallereljineteazul.com\/wp-content\/uploads\/COFRE_CLIENTE-1-1.jpg\" alt=\"\" width=\"500\" height=\"629\" srcset=\"https:\/\/www.tallereljineteazul.com\/wp-content\/uploads\/COFRE_CLIENTE-1-1.jpg 500w, https:\/\/www.tallereljineteazul.com\/wp-content\/uploads\/COFRE_CLIENTE-1-1-238x300.jpg 238w\" sizes=\"auto, (max-width: 500px) 100vw, 500px\" \/><\/a><\/p>\n<p><a href=\"http:\/\/www.tallereljineteazul.com\/wp-content\/uploads\/IMG_9806.jpg\"><img loading=\"lazy\" decoding=\"async\" class=\"alignnone size-full wp-image-1393\" src=\"http:\/\/www.tallereljineteazul.com\/wp-content\/uploads\/IMG_9806.jpg\" alt=\"\" width=\"828\" height=\"821\" srcset=\"https:\/\/www.tallereljineteazul.com\/wp-content\/uploads\/IMG_9806.jpg 828w, https:\/\/www.tallereljineteazul.com\/wp-content\/uploads\/IMG_9806-150x150.jpg 150w, https:\/\/www.tallereljineteazul.com\/wp-content\/uploads\/IMG_9806-300x297.jpg 300w, https:\/\/www.tallereljineteazul.com\/wp-content\/uploads\/IMG_9806-768x762.jpg 768w, https:\/\/www.tallereljineteazul.com\/wp-content\/uploads\/IMG_9806-100x100.jpg 100w\" sizes=\"auto, (max-width: 767px) 89vw, (max-width: 1000px) 54vw, (max-width: 1071px) 543px, 580px\" \/><\/a><\/p>\n<p><a href=\"http:\/\/www.tallereljineteazul.com\/wp-content\/uploads\/IMG_4837.jpg\"><img loading=\"lazy\" decoding=\"async\" class=\"alignnone size-full wp-image-1215\" src=\"http:\/\/www.tallereljineteazul.com\/wp-content\/uploads\/IMG_4837.jpg\" alt=\"\" width=\"828\" height=\"946\" srcset=\"https:\/\/www.tallereljineteazul.com\/wp-content\/uploads\/IMG_4837.jpg 828w, https:\/\/www.tallereljineteazul.com\/wp-content\/uploads\/IMG_4837-263x300.jpg 263w, https:\/\/www.tallereljineteazul.com\/wp-content\/uploads\/IMG_4837-768x877.jpg 768w\" sizes=\"auto, (max-width: 767px) 89vw, (max-width: 1000px) 54vw, (max-width: 1071px) 543px, 580px\" \/><\/a><\/p>\n<p><a href=\"https:\/\/galeriaeljineteazul.com\/regalos-de-empresa\/\" target=\"_blank\" rel=\"noopener\">COFRES REGALO ARTE Y VINO<\/a><\/p>\n<p><a href=\"https:\/\/galeriaeljineteazul.com\/regalos-de-empresa\/\" target=\"_blank\" rel=\"noopener\">Para mas informacion pincha aqui<\/a><\/p>\n","protected":false},"excerpt":{"rendered":"<p>Bienvenido(a) a nuestra galer\u00eda de arte y tienda de cuadros. Nos dedicamos a la venta de obra original, en cualquier t\u00e9cnica. Ofrecemos obras modernas, contempor\u00e1neas, retratos, abstractos. Para ver obras pincha en el link de la galer\u00eda de arte www.galeriaeljineteazul.com &nbsp; &nbsp; COFRES REGALO ARTE Y VINO Para mas informacion pincha aqui COFRES REGALO ARTE &hellip; <\/p>\n<p class=\"link-more\"><a href=\"https:\/\/www.tallereljineteazul.com\/?page_id=833\" class=\"more-link\">Continuar leyendo<span class=\"screen-reader-text\"> \u00abVenta de Obras\u00bb<\/span><\/a><\/p>\n","protected":false},"author":1,"featured_media":0,"parent":0,"menu_order":0,"comment_status":"closed","ping_status":"closed","template":"","meta":{"footnotes":""},"class_list":["post-833","page","type-page","status-publish","hentry"],"_links":{"self":[{"href":"https:\/\/www.tallereljineteazul.com\/index.php?rest_route=\/wp\/v2\/pages\/833","targetHints":{"allow":["GET"]}}],"collection":[{"href":"https:\/\/www.tallereljineteazul.com\/index.php?rest_route=\/wp\/v2\/pages"}],"about":[{"href":"https:\/\/www.tallereljineteazul.com\/index.php?rest_route=\/wp\/v2\/types\/page"}],"author":[{"embeddable":true,"href":"https:\/\/www.tallereljineteazul.com\/index.php?rest_route=\/wp\/v2\/users\/1"}],"replies":[{"embeddable":true,"href":"https:\/\/www.tallereljineteazul.com\/index.php?rest_route=%2Fwp%2Fv2%2Fcomments&post=833"}],"version-history":[{"count":20,"href":"https:\/\/www.tallereljineteazul.com\/index.php?rest_route=\/wp\/v2\/pages\/833\/revisions"}],"predecessor-version":[{"id":1394,"href":"https:\/\/www.tallereljineteazul.com\/index.php?rest_route=\/wp\/v2\/pages\/833\/revisions\/1394"}],"wp:attachment":[{"href":"https:\/\/www.tallereljineteazul.com\/index.php?rest_route=%2Fwp%2Fv2%2Fmedia&parent=833"}],"curies":[{"name":"wp","href":"https:\/\/api.w.org\/{rel}","templated":true}]}}