{"id":400,"date":"2012-11-20T16:04:47","date_gmt":"2012-11-20T16:04:47","guid":{"rendered":"http:\/\/www.tallereljineteazul.com\/?page_id=400"},"modified":"2026-01-13T19:18:02","modified_gmt":"2026-01-13T19:18:02","slug":"noticias-y-eventos-3","status":"publish","type":"page","link":"https:\/\/www.tallereljineteazul.com\/?page_id=400","title":{"rendered":"Cumplea\u00f1os"},"content":{"rendered":"<p><a href=\"https:\/\/instagram.com\/tallereljineteazul?igshid=7ifga52bddro\"><img loading=\"lazy\" decoding=\"async\" class=\"alignnone size-full wp-image-1055\" src=\"http:\/\/www.tallereljineteazul.com\/wp-content\/uploads\/Instagram-app-logo.jpg\" alt=\"\" width=\"60\" height=\"45\" \/><\/a><\/p>\n<p>Siguenos en Instagram!!!<\/p>\n<p><a href=\"https:\/\/www.instagram.com\/tallereljineteazul\/?igshid=7ifga52bddro\">Link\u00a0 de Instagram<\/a><\/p>\n<h1><strong>Celebra tu cumplea\u00f1os con Arte de una forma original y divertida<\/strong><\/h1>\n<p class=\"subtitle\">A tu medida, como tu prefieras<\/p>\n<p class=\"textintro\">Los aniversarios son fechas se\u00f1aladas que solemos celebrar con la familia y con nuestros amigos m\u00e1s \u00edntimos. Da igual la edad,\u00a0<strong>los cumplea\u00f1os son para disfrutarlos de una forma diferente y \u00fanica\u00a0<\/strong>para que todo el mundo lo pase estupendamente.<\/p>\n<p class=\"textintro\">Desde la experiencia podemos ofrecerte ese\u00a0<strong>toque especial y m\u00e1gico\u00a0<\/strong>que lo diferenciar\u00e1 de los dem\u00e1s.<\/p>\n<p class=\"textintro\"><strong>\u00a1Dejar\u00e1s a todos impresionados con tu fiesta!<\/strong><\/p>\n<p><a href=\"https:\/\/www.tallereljineteazul.com\/wp-content\/uploads\/cumpleewe.jpg\"><img loading=\"lazy\" decoding=\"async\" class=\"alignnone size-full wp-image-1679\" src=\"https:\/\/www.tallereljineteazul.com\/wp-content\/uploads\/cumpleewe.jpg\" alt=\"\" width=\"850\" height=\"1275\" srcset=\"https:\/\/www.tallereljineteazul.com\/wp-content\/uploads\/cumpleewe.jpg 850w, https:\/\/www.tallereljineteazul.com\/wp-content\/uploads\/cumpleewe-200x300.jpg 200w, https:\/\/www.tallereljineteazul.com\/wp-content\/uploads\/cumpleewe-683x1024.jpg 683w, https:\/\/www.tallereljineteazul.com\/wp-content\/uploads\/cumpleewe-768x1152.jpg 768w\" sizes=\"auto, (max-width: 767px) 89vw, (max-width: 1000px) 54vw, (max-width: 1071px) 543px, 580px\" \/><\/a><\/p>\n<p><a href=\"http:\/\/www.tallereljineteazul.com\/wp-content\/uploads\/IMG_9560.jpg\"><img loading=\"lazy\" decoding=\"async\" class=\"alignnone size-full wp-image-1096\" src=\"http:\/\/www.tallereljineteazul.com\/wp-content\/uploads\/IMG_9560.jpg\" alt=\"\" width=\"640\" height=\"480\" srcset=\"https:\/\/www.tallereljineteazul.com\/wp-content\/uploads\/IMG_9560.jpg 640w, https:\/\/www.tallereljineteazul.com\/wp-content\/uploads\/IMG_9560-300x225.jpg 300w\" sizes=\"auto, (max-width: 640px) 100vw, 640px\" \/><\/a><\/p>\n<p><a href=\"http:\/\/www.tallereljineteazul.com\/wp-content\/uploads\/IMG_0531.jpg\"><img loading=\"lazy\" decoding=\"async\" class=\"alignnone size-full wp-image-1095\" src=\"http:\/\/www.tallereljineteazul.com\/wp-content\/uploads\/IMG_0531.jpg\" alt=\"\" width=\"640\" height=\"640\" srcset=\"https:\/\/www.tallereljineteazul.com\/wp-content\/uploads\/IMG_0531.jpg 640w, https:\/\/www.tallereljineteazul.com\/wp-content\/uploads\/IMG_0531-150x150.jpg 150w, https:\/\/www.tallereljineteazul.com\/wp-content\/uploads\/IMG_0531-300x300.jpg 300w, https:\/\/www.tallereljineteazul.com\/wp-content\/uploads\/IMG_0531-100x100.jpg 100w\" sizes=\"auto, (max-width: 640px) 100vw, 640px\" \/><\/a> \u00a0<a href=\"http:\/\/www.tallereljineteazul.com\/wp-content\/uploads\/IMG_9570.jpg\"><img loading=\"lazy\" decoding=\"async\" class=\"alignnone size-full wp-image-1097\" src=\"http:\/\/www.tallereljineteazul.com\/wp-content\/uploads\/IMG_9570.jpg\" alt=\"\" width=\"640\" height=\"480\" srcset=\"https:\/\/www.tallereljineteazul.com\/wp-content\/uploads\/IMG_9570.jpg 640w, https:\/\/www.tallereljineteazul.com\/wp-content\/uploads\/IMG_9570-300x225.jpg 300w\" sizes=\"auto, (max-width: 640px) 100vw, 640px\" \/><\/a><\/p>\n<p>&nbsp;<\/p>\n<p>&nbsp;<\/p>\n","protected":false},"excerpt":{"rendered":"<p>Siguenos en Instagram!!! Link\u00a0 de Instagram Celebra tu cumplea\u00f1os con Arte de una forma original y divertida A tu medida, como tu prefieras Los aniversarios son fechas se\u00f1aladas que solemos celebrar con la familia y con nuestros amigos m\u00e1s \u00edntimos. Da igual la edad,\u00a0los cumplea\u00f1os son para disfrutarlos de una forma diferente y \u00fanica\u00a0para que &hellip; <\/p>\n<p class=\"link-more\"><a href=\"https:\/\/www.tallereljineteazul.com\/?page_id=400\" class=\"more-link\">Continuar leyendo<span class=\"screen-reader-text\"> \u00abCumplea\u00f1os\u00bb<\/span><\/a><\/p>\n","protected":false},"author":1,"featured_media":0,"parent":0,"menu_order":0,"comment_status":"closed","ping_status":"closed","template":"","meta":{"footnotes":""},"class_list":["post-400","page","type-page","status-publish","hentry"],"_links":{"self":[{"href":"https:\/\/www.tallereljineteazul.com\/index.php?rest_route=\/wp\/v2\/pages\/400","targetHints":{"allow":["GET"]}}],"collection":[{"href":"https:\/\/www.tallereljineteazul.com\/index.php?rest_route=\/wp\/v2\/pages"}],"about":[{"href":"https:\/\/www.tallereljineteazul.com\/index.php?rest_route=\/wp\/v2\/types\/page"}],"author":[{"embeddable":true,"href":"https:\/\/www.tallereljineteazul.com\/index.php?rest_route=\/wp\/v2\/users\/1"}],"replies":[{"embeddable":true,"href":"https:\/\/www.tallereljineteazul.com\/index.php?rest_route=%2Fwp%2Fv2%2Fcomments&post=400"}],"version-history":[{"count":74,"href":"https:\/\/www.tallereljineteazul.com\/index.php?rest_route=\/wp\/v2\/pages\/400\/revisions"}],"predecessor-version":[{"id":1680,"href":"https:\/\/www.tallereljineteazul.com\/index.php?rest_route=\/wp\/v2\/pages\/400\/revisions\/1680"}],"wp:attachment":[{"href":"https:\/\/www.tallereljineteazul.com\/index.php?rest_route=%2Fwp%2Fv2%2Fmedia&parent=400"}],"curies":[{"name":"wp","href":"https:\/\/api.w.org\/{rel}","templated":true}]}}