{"id":2,"date":"2011-10-12T10:54:47","date_gmt":"2011-10-12T10:54:47","guid":{"rendered":"http:\/\/www.tallereljineteazul.com\/?page_id=2"},"modified":"2025-06-06T17:45:53","modified_gmt":"2025-06-06T17:45:53","slug":"pagina-ejemplo","status":"publish","type":"page","link":"https:\/\/www.tallereljineteazul.com\/?page_id=2","title":{"rendered":""},"content":{"rendered":"<div>\n<p><a href=\"https:\/\/instagram.com\/tallereljineteazul?igshid=7ifga52bddro\"><img loading=\"lazy\" decoding=\"async\" class=\"alignnone size-full wp-image-1055\" src=\"http:\/\/www.tallereljineteazul.com\/wp-content\/uploads\/Instagram-app-logo.jpg\" alt=\"\" width=\"60\" height=\"45\" \/><\/a><\/p>\n<p>Siguenos en Instagram!!!<\/p>\n<p><a href=\"https:\/\/www.instagram.com\/tallereljineteazul\/?igshid=7ifga52bddro\">Link\u00a0 de Instagram<\/a><\/p>\n<\/div>\n<div>\n<h1><strong>ACADEMIA DE PINTURA Y DIBUJO<\/strong><\/h1>\n<p><a href=\"https:\/\/www.tallereljineteazul.com\/wp-content\/uploads\/cartelok-renovacionyy.jpg\"><img loading=\"lazy\" decoding=\"async\" class=\"alignnone size-full wp-image-1640\" src=\"https:\/\/www.tallereljineteazul.com\/wp-content\/uploads\/cartelok-renovacionyy.jpg\" alt=\"\" width=\"850\" height=\"1282\" srcset=\"https:\/\/www.tallereljineteazul.com\/wp-content\/uploads\/cartelok-renovacionyy.jpg 850w, https:\/\/www.tallereljineteazul.com\/wp-content\/uploads\/cartelok-renovacionyy-199x300.jpg 199w, https:\/\/www.tallereljineteazul.com\/wp-content\/uploads\/cartelok-renovacionyy-679x1024.jpg 679w, https:\/\/www.tallereljineteazul.com\/wp-content\/uploads\/cartelok-renovacionyy-768x1158.jpg 768w\" sizes=\"auto, (max-width: 767px) 89vw, (max-width: 1000px) 54vw, (max-width: 1071px) 543px, 580px\" \/><\/a><\/p>\n<p><a href=\"http:\/\/www.tallereljineteazul.com\/wp-content\/uploads\/IMG_0637.jpg\"><img loading=\"lazy\" decoding=\"async\" class=\"alignnone size-full wp-image-1374\" src=\"http:\/\/www.tallereljineteazul.com\/wp-content\/uploads\/IMG_0637.jpg\" alt=\"\" width=\"3920\" height=\"2536\" srcset=\"https:\/\/www.tallereljineteazul.com\/wp-content\/uploads\/IMG_0637.jpg 3920w, https:\/\/www.tallereljineteazul.com\/wp-content\/uploads\/IMG_0637-300x194.jpg 300w, https:\/\/www.tallereljineteazul.com\/wp-content\/uploads\/IMG_0637-768x497.jpg 768w, https:\/\/www.tallereljineteazul.com\/wp-content\/uploads\/IMG_0637-1024x662.jpg 1024w\" sizes=\"auto, (max-width: 767px) 89vw, (max-width: 1000px) 54vw, (max-width: 1071px) 543px, 580px\" \/><\/a><\/p>\n<h1><a href=\"http:\/\/www.tallereljineteazul.com\/wp-content\/uploads\/IMG_0633.jpg\"><img loading=\"lazy\" decoding=\"async\" class=\"alignnone size-full wp-image-1371\" src=\"http:\/\/www.tallereljineteazul.com\/wp-content\/uploads\/IMG_0633.jpg\" alt=\"\" width=\"4032\" height=\"3024\" srcset=\"https:\/\/www.tallereljineteazul.com\/wp-content\/uploads\/IMG_0633.jpg 4032w, https:\/\/www.tallereljineteazul.com\/wp-content\/uploads\/IMG_0633-300x225.jpg 300w, https:\/\/www.tallereljineteazul.com\/wp-content\/uploads\/IMG_0633-768x576.jpg 768w, https:\/\/www.tallereljineteazul.com\/wp-content\/uploads\/IMG_0633-1024x768.jpg 1024w\" sizes=\"auto, (max-width: 767px) 89vw, (max-width: 1000px) 54vw, (max-width: 1071px) 543px, 580px\" \/><\/a> <a href=\"http:\/\/www.tallereljineteazul.com\/wp-content\/uploads\/IMG_0634.jpg\"><img loading=\"lazy\" decoding=\"async\" class=\"alignnone size-full wp-image-1372\" src=\"http:\/\/www.tallereljineteazul.com\/wp-content\/uploads\/IMG_0634.jpg\" alt=\"\" width=\"4032\" height=\"3024\" srcset=\"https:\/\/www.tallereljineteazul.com\/wp-content\/uploads\/IMG_0634.jpg 4032w, https:\/\/www.tallereljineteazul.com\/wp-content\/uploads\/IMG_0634-300x225.jpg 300w, https:\/\/www.tallereljineteazul.com\/wp-content\/uploads\/IMG_0634-768x576.jpg 768w, https:\/\/www.tallereljineteazul.com\/wp-content\/uploads\/IMG_0634-1024x768.jpg 1024w\" sizes=\"auto, (max-width: 767px) 89vw, (max-width: 1000px) 54vw, (max-width: 1071px) 543px, 580px\" \/><\/a> <a href=\"http:\/\/www.tallereljineteazul.com\/wp-content\/uploads\/IMG_0636.jpg\"><img loading=\"lazy\" decoding=\"async\" class=\"alignnone size-full wp-image-1373\" src=\"http:\/\/www.tallereljineteazul.com\/wp-content\/uploads\/IMG_0636.jpg\" alt=\"\" width=\"4032\" height=\"3024\" srcset=\"https:\/\/www.tallereljineteazul.com\/wp-content\/uploads\/IMG_0636.jpg 4032w, https:\/\/www.tallereljineteazul.com\/wp-content\/uploads\/IMG_0636-300x225.jpg 300w, https:\/\/www.tallereljineteazul.com\/wp-content\/uploads\/IMG_0636-768x576.jpg 768w, https:\/\/www.tallereljineteazul.com\/wp-content\/uploads\/IMG_0636-1024x768.jpg 1024w\" sizes=\"auto, (max-width: 767px) 89vw, (max-width: 1000px) 54vw, (max-width: 1071px) 543px, 580px\" \/><\/a>\u00a0<a href=\"http:\/\/www.tallereljineteazul.com\/wp-content\/uploads\/tall-1.jpg\"><img loading=\"lazy\" decoding=\"async\" class=\"alignnone size-full wp-image-1154\" src=\"http:\/\/www.tallereljineteazul.com\/wp-content\/uploads\/tall-1.jpg\" alt=\"\" width=\"640\" height=\"513\" srcset=\"https:\/\/www.tallereljineteazul.com\/wp-content\/uploads\/tall-1.jpg 640w, https:\/\/www.tallereljineteazul.com\/wp-content\/uploads\/tall-1-300x240.jpg 300w\" sizes=\"auto, (max-width: 640px) 100vw, 640px\" \/><\/a><\/h1>\n<\/div>\n<div><\/div>\n<div>\n<p><em style=\"font-size: 1.125rem;\"><strong>\u00abEn el taller, damos la bienvenida a ni\u00f1os a partir de 7 a\u00f1os. Los ni\u00f1os encuentran en el taller un respiro en medio de su apretada agenda diaria. En el estudio, como en un refugio, recorren un camino a su propio ritmo, desarrollan su creatividad y ganan confianza. Con el gesto del m\u00e9todo de la pintura, el ni\u00f1o inventa, explora y se expresa a trav\u00e9s del cuerpo. \u00ab<\/strong><\/em><\/p>\n<\/div>\n<h3 style=\"text-align: left;\">A trav\u00e9s de la pintura los ni\u00f1os descubren a un mundo lleno de colores, formas, trazos e imaginaci\u00f3n, simbolizan sentimientos y experiencias. La pintura estimula la comunicaci\u00f3n, la creatividad, la sensibilidad y aumenta la capacidad de concentraci\u00f3n y expresi\u00f3n de los ni\u00f1os. La pintura como cualquier otro tipo de actividad es un aprendizaje que se puede ense\u00f1ar a trav\u00e9s del ejemplo. Si el ni\u00f1o est\u00e1 acostumbrado a ver a su pap\u00e1 o a su mam\u00e1 pintando, seguramente se sentir\u00e1 atra\u00eddo por los pinceles, por las pinturas, l\u00e1pices, colores, formas, etc. Jam\u00e1s debemos olvidarnos que los ni\u00f1os aprenden todo por imitaci\u00f3n. Despertado el inter\u00e9s, ahora solo queda a los padres motivarlos y orientarlos en todo lo que sea posible. <strong>C\u00f3mo motivar a los ni\u00f1os<\/strong> La pintura no define la edad. A partir del momento que el beb\u00e9 consigue sujetar un objeto en la mano, podr\u00e1 empezar a hacer garabatos, dibujar y pintar. Es uno de los ejercicios m\u00e1s gratificantes para el peque\u00f1o y sus padres. La pintura es una actividad que, como muchas, debe desarrollarse siempre bajo la vigilancia de un adulto, principalmente cuando la hace un ni\u00f1o muy peque\u00f1o. Nunca se sabe lo que se les puede ocurrir hacer con un pincel, un bote de pintura o un l\u00e1piz. Existen muchas maneras de llevar al ni\u00f1o por el camino de la pintura. Una de las alternativas son los libros especialmente preparados para pintar. En ellos encontrar\u00e1s una infinidad de dibujos de flores, mu\u00f1ecos, animales, etc., para que los ni\u00f1os los coloreen, incluyendo pintura y pincel. Tambi\u00e9n hay libros que incluyen espumas para que los ni\u00f1os aprendan nuevas t\u00e9cnicas, y otros incluso contienen pinturas apropiadas para que los ni\u00f1os pinten con sus propios dedos y manos. A partir de los 5 o 6 a\u00f1os, los ni\u00f1os ya querr\u00e1n crear, de una forma m\u00e1s libre y personal. Es el momento ideal para comprarles materiales m\u00e1s variados y disponerlos en una bolsa o cajita, estableciendo as\u00ed su propio material para pintura, y creando un ambiente m\u00e1s art\u00edstico. Prueba utilizar diferentes materiales en la pintura de tu hijo. Desde una hoja de papel hasta tejidos y lienzos. Ten mucho cuidado para no limitar su creatividad. El cielo no siempre tiene que ser azul. D\u00e9jale que vea las cosas como \u00e9l quiera. La pintura es arte, y como tal, no debe ser una actividad repetidora ni condicionada a viejos patrones. Los cursos de pintura infantil tambi\u00e9n son recomendables; en ellos los ni\u00f1os pueden aprender a utilizar diferentes materiales y distintas t\u00e9cnicas. Otra forma de motivar a los ni\u00f1os a la pintura es llevarles a visitar exposiciones de diferentes pintores. Para los m\u00e1s peque\u00f1os, hay museos que ofrecen visitas guiadas especialmente para ni\u00f1os, adem\u00e1s de talleres y juegos. Muchos padres creen que los museos no son lugares especialmente apropiados para los ni\u00f1os ya que pueden molestar a los dem\u00e1s. Sin embargo, a la primera visita que hacen con sus hijos a un museo, muchos padres se sorprenden con el comportamiento de los hijos. Los ni\u00f1os imitan. Y se ven que all\u00ed todos buscan hacer silencio, \u00e9l tambi\u00e9n lo har\u00e1.<\/h3>\n<h3 style=\"text-align: left;\"><strong>Los beneficios de la pintura para los ni\u00f1os<\/strong> La pintura estimula la comunicaci\u00f3n, la creatividad, sensibilidad, y aumenta la capacidad de concentraci\u00f3n y expresi\u00f3n de los ni\u00f1os. Ser\u00e1 por eso que la pintura est\u00e1 tambi\u00e9n indicada en los tratamientos terap\u00e9uticos de los ni\u00f1os. Con la pintura se disminuye la ansiedad y se amenizan los miedos y las expectativas. A trav\u00e9s de un pincel o de otra herramienta, los ni\u00f1os expresan sus inquietudes y sus emociones, se tranquilizan y serenan. Y al mismo tiempo, desarrollan sus gustos y perfil art\u00edsticos.<\/h3>\n<h3 style=\"text-align: left;\"><strong>En resumen, la pintura es beneficiosa para los ni\u00f1os porque:<\/strong><\/h3>\n<h3 style=\"text-align: left;\">1- Ayuda en el desarrollo de su individualidad y de su autoestima<\/h3>\n<h3 style=\"text-align: left;\">. 2- Fomenta una personalidad creativa e inventiva.<\/h3>\n<h3 style=\"text-align: left;\">3- Desarrolla habilidades para resoluci\u00f3n de problemas.<\/h3>\n<h3 style=\"text-align: left;\">4- Organiza sus ideas.<\/h3>\n<h3 style=\"text-align: left;\">5- Estimula su comunicaci\u00f3n. La hace m\u00e1s efectiva.<\/h3>\n<h3 style=\"text-align: left;\">6- Favorece la expresi\u00f3n, la percepci\u00f3n, y la organizaci\u00f3n.<\/h3>\n<h3 style=\"text-align: left;\">7- Desbloquea la creatividad.<\/h3>\n<h3 style=\"text-align: left;\">8- Favorece la expresi\u00f3n de los sentimientos.<\/h3>\n<h3 style=\"text-align: left;\">9- Serena y tranquiliza.<\/h3>\n<p style=\"text-align: left;\">\n","protected":false},"excerpt":{"rendered":"<p>Siguenos en Instagram!!! Link\u00a0 de Instagram ACADEMIA DE PINTURA Y DIBUJO \u00a0 \u00abEn el taller, damos la bienvenida a ni\u00f1os a partir de 7 a\u00f1os. Los ni\u00f1os encuentran en el taller un respiro en medio de su apretada agenda diaria. En el estudio, como en un refugio, recorren un camino a su propio ritmo, desarrollan &hellip; <\/p>\n<p class=\"link-more\"><a href=\"https:\/\/www.tallereljineteazul.com\/?page_id=2\" class=\"more-link\">Continuar leyendo<span class=\"screen-reader-text\"> \u00ab\u00bb<\/span><\/a><\/p>\n","protected":false},"author":1,"featured_media":0,"parent":0,"menu_order":0,"comment_status":"closed","ping_status":"open","template":"","meta":{"footnotes":""},"class_list":["post-2","page","type-page","status-publish","hentry"],"_links":{"self":[{"href":"https:\/\/www.tallereljineteazul.com\/index.php?rest_route=\/wp\/v2\/pages\/2","targetHints":{"allow":["GET"]}}],"collection":[{"href":"https:\/\/www.tallereljineteazul.com\/index.php?rest_route=\/wp\/v2\/pages"}],"about":[{"href":"https:\/\/www.tallereljineteazul.com\/index.php?rest_route=\/wp\/v2\/types\/page"}],"author":[{"embeddable":true,"href":"https:\/\/www.tallereljineteazul.com\/index.php?rest_route=\/wp\/v2\/users\/1"}],"replies":[{"embeddable":true,"href":"https:\/\/www.tallereljineteazul.com\/index.php?rest_route=%2Fwp%2Fv2%2Fcomments&post=2"}],"version-history":[{"count":115,"href":"https:\/\/www.tallereljineteazul.com\/index.php?rest_route=\/wp\/v2\/pages\/2\/revisions"}],"predecessor-version":[{"id":1644,"href":"https:\/\/www.tallereljineteazul.com\/index.php?rest_route=\/wp\/v2\/pages\/2\/revisions\/1644"}],"wp:attachment":[{"href":"https:\/\/www.tallereljineteazul.com\/index.php?rest_route=%2Fwp%2Fv2%2Fmedia&parent=2"}],"curies":[{"name":"wp","href":"https:\/\/api.w.org\/{rel}","templated":true}]}}